{"id":268,"date":"2024-03-05T04:22:53","date_gmt":"2024-03-05T04:22:53","guid":{"rendered":"https:\/\/ambersfoundations.org\/?page_id=268"},"modified":"2025-01-07T02:02:52","modified_gmt":"2025-01-07T02:02:52","slug":"gofundme","status":"publish","type":"page","link":"https:\/\/ambersfoundations.org\/es\/gofundme\/","title":{"rendered":"GoFundMe"},"content":{"rendered":"<div data-elementor-type=\"wp-page\" data-elementor-id=\"268\" class=\"elementor elementor-268\" data-elementor-post-type=\"page\">\n\t\t\t\t<div class=\"elementor-element elementor-element-3345a29 e-flex e-con-boxed e-con e-parent\" data-id=\"3345a29\" data-element_type=\"container\" data-e-type=\"container\">\n\t\t\t\t\t<div class=\"e-con-inner\">\n\t\t\t\t<div class=\"elementor-element elementor-element-6baf8fd elementor-widget elementor-widget-heading\" data-id=\"6baf8fd\" data-element_type=\"widget\" data-e-type=\"widget\" data-widget_type=\"heading.default\">\n\t\t\t\t\t<h2 class=\"elementor-heading-title elementor-size-default\"><a href=\"https:\/\/www.gofundme.com\/f\/transport-11-cats-to-their-new-home?utm_campaign=p_cp+share-sheet&#038;utm_medium=email&#038;utm_source=customer\" target=\"_blank\">Recaudaci\u00f3n de fondos a beneficio de Amber's Foundation Inc.<\/a><\/h2>\t\t\t\t<\/div>\n\t\t\t\t\t<\/div>\n\t\t\t\t<\/div>\n\t\t<div class=\"elementor-element elementor-element-cc8118b e-flex e-con-boxed e-con e-parent\" data-id=\"cc8118b\" data-element_type=\"container\" data-e-type=\"container\">\n\t\t\t\t\t<div class=\"e-con-inner\">\n\t\t\t\t<div class=\"elementor-element elementor-element-a851d08 elementor-widget elementor-widget-heading\" data-id=\"a851d08\" data-element_type=\"widget\" data-e-type=\"widget\" data-widget_type=\"heading.default\">\n\t\t\t\t\t<h2 class=\"elementor-heading-title elementor-size-default\">Transportar a 11 gatos a su nuevo hogar\n<\/h2>\t\t\t\t<\/div>\n\t\t\t\t\t<\/div>\n\t\t\t\t<\/div>\n\t\t<div class=\"elementor-element elementor-element-d2b3de7 e-flex e-con-boxed e-con e-parent\" data-id=\"d2b3de7\" data-element_type=\"container\" data-e-type=\"container\">\n\t\t\t\t\t<div class=\"e-con-inner\">\n\t\t\t\t<div class=\"elementor-element elementor-element-07803d5 elementor-widget elementor-widget-image\" data-id=\"07803d5\" data-element_type=\"widget\" data-e-type=\"widget\" data-widget_type=\"image.default\">\n\t\t\t\t\t\t\t\t\t\t\t\t\t\t\t<img fetchpriority=\"high\" decoding=\"async\" width=\"768\" height=\"768\" src=\"https:\/\/ambersfoundations.org\/wp-content\/uploads\/2024\/03\/DE-VIOLETA-768x768.png\" class=\"attachment-medium_large size-medium_large wp-image-303\" alt=\"\" srcset=\"https:\/\/ambersfoundations.org\/wp-content\/uploads\/2024\/03\/DE-VIOLETA-768x768.png 768w, https:\/\/ambersfoundations.org\/wp-content\/uploads\/2024\/03\/DE-VIOLETA-300x300.png 300w, https:\/\/ambersfoundations.org\/wp-content\/uploads\/2024\/03\/DE-VIOLETA-1024x1024.png 1024w, https:\/\/ambersfoundations.org\/wp-content\/uploads\/2024\/03\/DE-VIOLETA-150x150.png 150w, https:\/\/ambersfoundations.org\/wp-content\/uploads\/2024\/03\/DE-VIOLETA.png 1080w\" sizes=\"(max-width: 768px) 100vw, 768px\" \/>\t\t\t\t\t\t\t\t\t\t\t\t\t\t\t<\/div>\n\t\t\t\t\t<\/div>\n\t\t\t\t<\/div>\n\t\t<div class=\"elementor-element elementor-element-26912d1 e-flex e-con-boxed e-con e-parent\" data-id=\"26912d1\" data-element_type=\"container\" data-e-type=\"container\">\n\t\t\t\t\t<div class=\"e-con-inner\">\n\t\t\t\t<div class=\"elementor-element elementor-element-a5e0e4d elementor-widget elementor-widget-text-editor\" data-id=\"a5e0e4d\" data-element_type=\"widget\" data-e-type=\"widget\" data-widget_type=\"text-editor.default\">\n\t\t\t\t\t\t\t\t\t<p>Queridos donantes,<\/p>\n<p><!-- \/wp:paragraph --><!-- wp:paragraph --><\/p>\n<p>Nos dirigimos a ustedes en nombre de Amber\u2019s Foundation, Inc., una organizaci\u00f3n dedicada al cuidado y bienestar de los animales necesitados. Nuestra misi\u00f3n es rescatar, rehabilitar y cuidar mascotas, asegurando que reciban atenci\u00f3n esencial, incluyendo alimento, medicinas y atenci\u00f3n veterinaria. Actualmente, estamos buscando apoyo para una importante iniciativa: transportar y establecer un refugio para 11 gatos desde Puerto Rico hasta Florida.<\/p>\n<p><!-- \/wp:paragraph --><!-- wp:paragraph --><\/p>\n<p>Los gatos que estamos cuidando han sido una parte importante de nuestra comunidad en Puerto Rico. Han sido esterilizados y castrados, y han recibido la atenci\u00f3n m\u00e9dica y el cuidado necesarios. Sin embargo, debido a diversas circunstancias, incluida nuestra reubicaci\u00f3n, estamos comprometidos a garantizar el bienestar continuo de estos queridos animales. No podemos dejarlos atr\u00e1s, ya que son parte de nuestra familia.<\/p>\n<p><!-- \/wp:paragraph --><!-- wp:paragraph --><\/p>\n<p>Para lograr este objetivo, necesitamos ayuda para financiar el transporte de estos gatos desde Puerto Rico hasta Florida, as\u00ed como la construcci\u00f3n de un refugio seguro y acogedor para ellos en su nuevo hogar. Esto implicar\u00e1 obtener los permisos necesarios, coordinar servicios de transporte adecuados y crear un espacio habitable que satisfaga sus necesidades f\u00edsicas y emocionales.<\/p>\n<p><!-- \/wp:paragraph --><!-- wp:paragraph --><\/p>\n<p>Tu generoso apoyo tendr\u00e1 un impacto significativo al garantizar el bienestar de estos gatos y brindarles un entorno seguro y lleno de amor. Tu donaci\u00f3n se destinar\u00e1 directamente a cubrir los costos de transporte, la construcci\u00f3n del refugio y el cuidado continuo de los gatos.<\/p>\n<p><!-- \/wp:paragraph --><!-- wp:paragraph --><\/p>\n<p>Con humildad, solicitamos tu apoyo en esta importante misi\u00f3n. Tu contribuci\u00f3n, sin importar el tama\u00f1o, impactar\u00e1 directamente en la vida de estos animales y contribuir\u00e1 a la causa mayor de promover la tenencia responsable de mascotas y el bienestar animal.<\/p>\n<p><!-- \/wp:paragraph --><!-- wp:paragraph --><\/p>\n<p>Con humildad, solicitamos tu apoyo en esta importante misi\u00f3n. Tu contribuci\u00f3n, sin importar el tama\u00f1o, impactar\u00e1 directamente en la vida de estos animales y contribuir\u00e1 a la causa mayor de promover la tenencia responsable de mascotas y el bienestar animal.<\/p>\n<p><!-- \/wp:paragraph --><!-- wp:paragraph --><\/p>\n<p>Con cari\u00f1o,<\/p>\n<p><!-- \/wp:paragraph --><!-- wp:paragraph --><\/p>\n<p>Amber&#8217;s Foundation, Inc.<\/p>\t\t\t\t\t\t\t\t<\/div>\n\t\t\t\t<div class=\"elementor-element elementor-element-e3063c7 elementor-widget elementor-widget-html\" data-id=\"e3063c7\" data-element_type=\"widget\" data-e-type=\"widget\" data-widget_type=\"html.default\">\n\t\t\t\t\t<div class=\"gfm-embed\" data-url=\"https:\/\/www.gofundme.com\/f\/transport-11-cats-to-their-new-home\/widget\/large?sharesheet=manage hero&attribution_id=sl:b75f519d-31f3-4f9d-8e86-7e5c3b797bd2\"><\/div><script defer src=\"https:\/\/www.gofundme.com\/static\/js\/embed.js\"><\/script>\t\t\t\t<\/div>\n\t\t\t\t\t<\/div>\n\t\t\t\t<\/div>\n\t\t\t\t<\/div>","protected":false},"excerpt":{"rendered":"<p>Fundraiser to benefit Amber&#8217;s Foundation Inc. Transport 11 cats to their new home Dear Donors, We are reaching out to you on behalf of Amber&#8217;s Foundation, Inc., a dedicated organization committed to the care and well-being of animals in need. Our mission is to rescue, rehabilitate, and nurture pets, ensuring they receive essential care, including [&hellip;]<\/p>\n","protected":false},"author":3,"featured_media":0,"parent":0,"menu_order":0,"comment_status":"closed","ping_status":"closed","template":"elementor_header_footer","meta":{"footnotes":""},"class_list":["post-268","page","type-page","status-publish","hentry"],"yoast_head":"<!-- This site is optimized with the Yoast SEO plugin v27.4 - https:\/\/yoast.com\/product\/yoast-seo-wordpress\/ -->\n<title>GoFundMe - Ambers foundation<\/title>\n<meta name=\"robots\" content=\"index, follow, max-snippet:-1, max-image-preview:large, max-video-preview:-1\" \/>\n<link rel=\"canonical\" href=\"https:\/\/ambersfoundations.org\/es\/gofundme\/\" \/>\n<meta property=\"og:locale\" content=\"es_ES\" \/>\n<meta property=\"og:type\" content=\"article\" \/>\n<meta property=\"og:title\" content=\"GoFundMe - Ambers foundation\" \/>\n<meta property=\"og:description\" content=\"Fundraiser to benefit Amber&#8217;s Foundation Inc. Transport 11 cats to their new home Dear Donors, We are reaching out to you on behalf of Amber&#8217;s Foundation, Inc., a dedicated organization committed to the care and well-being of animals in need. Our mission is to rescue, rehabilitate, and nurture pets, ensuring they receive essential care, including [&hellip;]\" \/>\n<meta property=\"og:url\" content=\"https:\/\/ambersfoundations.org\/es\/gofundme\/\" \/>\n<meta property=\"og:site_name\" content=\"Ambers foundation\" \/>\n<meta property=\"article:modified_time\" content=\"2025-01-07T02:02:52+00:00\" \/>\n<meta property=\"og:image\" content=\"https:\/\/ambersfoundations.org\/wp-content\/uploads\/2024\/03\/DE-VIOLETA-1024x1024.png\" \/>\n\t<meta property=\"og:image:width\" content=\"1024\" \/>\n\t<meta property=\"og:image:height\" content=\"1024\" \/>\n\t<meta property=\"og:image:type\" content=\"image\/png\" \/>\n<meta name=\"twitter:card\" content=\"summary_large_image\" \/>\n<meta name=\"twitter:label1\" content=\"Est. reading time\" \/>\n\t<meta name=\"twitter:data1\" content=\"2 minutos\" \/>\n<script type=\"application\/ld+json\" class=\"yoast-schema-graph\">{\"@context\":\"https:\\\/\\\/schema.org\",\"@graph\":[{\"@type\":\"WebPage\",\"@id\":\"https:\\\/\\\/ambersfoundations.org\\\/gofundme\\\/\",\"url\":\"https:\\\/\\\/ambersfoundations.org\\\/gofundme\\\/\",\"name\":\"GoFundMe - Ambers foundation\",\"isPartOf\":{\"@id\":\"https:\\\/\\\/ambersfoundations.org\\\/#website\"},\"primaryImageOfPage\":{\"@id\":\"https:\\\/\\\/ambersfoundations.org\\\/gofundme\\\/#primaryimage\"},\"image\":{\"@id\":\"https:\\\/\\\/ambersfoundations.org\\\/gofundme\\\/#primaryimage\"},\"thumbnailUrl\":\"https:\\\/\\\/ambersfoundations.org\\\/wp-content\\\/uploads\\\/2024\\\/03\\\/DE-VIOLETA-768x768.png\",\"datePublished\":\"2024-03-05T04:22:53+00:00\",\"dateModified\":\"2025-01-07T02:02:52+00:00\",\"breadcrumb\":{\"@id\":\"https:\\\/\\\/ambersfoundations.org\\\/gofundme\\\/#breadcrumb\"},\"inLanguage\":\"es\",\"potentialAction\":[{\"@type\":\"ReadAction\",\"target\":[\"https:\\\/\\\/ambersfoundations.org\\\/gofundme\\\/\"]}]},{\"@type\":\"ImageObject\",\"inLanguage\":\"es\",\"@id\":\"https:\\\/\\\/ambersfoundations.org\\\/gofundme\\\/#primaryimage\",\"url\":\"https:\\\/\\\/ambersfoundations.org\\\/wp-content\\\/uploads\\\/2024\\\/03\\\/DE-VIOLETA-768x768.png\",\"contentUrl\":\"https:\\\/\\\/ambersfoundations.org\\\/wp-content\\\/uploads\\\/2024\\\/03\\\/DE-VIOLETA-768x768.png\"},{\"@type\":\"BreadcrumbList\",\"@id\":\"https:\\\/\\\/ambersfoundations.org\\\/gofundme\\\/#breadcrumb\",\"itemListElement\":[{\"@type\":\"ListItem\",\"position\":1,\"name\":\"Home\",\"item\":\"https:\\\/\\\/ambersfoundations.org\\\/\"},{\"@type\":\"ListItem\",\"position\":2,\"name\":\"GoFundMe\"}]},{\"@type\":\"WebSite\",\"@id\":\"https:\\\/\\\/ambersfoundations.org\\\/#website\",\"url\":\"https:\\\/\\\/ambersfoundations.org\\\/\",\"name\":\"Ambers foundation\",\"description\":\"\",\"publisher\":{\"@id\":\"https:\\\/\\\/ambersfoundations.org\\\/#organization\"},\"potentialAction\":[{\"@type\":\"SearchAction\",\"target\":{\"@type\":\"EntryPoint\",\"urlTemplate\":\"https:\\\/\\\/ambersfoundations.org\\\/?s={search_term_string}\"},\"query-input\":{\"@type\":\"PropertyValueSpecification\",\"valueRequired\":true,\"valueName\":\"search_term_string\"}}],\"inLanguage\":\"es\"},{\"@type\":\"Organization\",\"@id\":\"https:\\\/\\\/ambersfoundations.org\\\/#organization\",\"name\":\"Ambers foundation\",\"url\":\"https:\\\/\\\/ambersfoundations.org\\\/\",\"logo\":{\"@type\":\"ImageObject\",\"inLanguage\":\"es\",\"@id\":\"https:\\\/\\\/ambersfoundations.org\\\/#\\\/schema\\\/logo\\\/image\\\/\",\"url\":\"https:\\\/\\\/ambersfoundations.org\\\/wp-content\\\/uploads\\\/2023\\\/08\\\/Ambers-fundation-transparente-nuevo.webp\",\"contentUrl\":\"https:\\\/\\\/ambersfoundations.org\\\/wp-content\\\/uploads\\\/2023\\\/08\\\/Ambers-fundation-transparente-nuevo.webp\",\"width\":2560,\"height\":931,\"caption\":\"Ambers foundation\"},\"image\":{\"@id\":\"https:\\\/\\\/ambersfoundations.org\\\/#\\\/schema\\\/logo\\\/image\\\/\"}}]}<\/script>\n<!-- \/ Yoast SEO plugin. -->","yoast_head_json":{"title":"GoFundMe - Ambers foundation","robots":{"index":"index","follow":"follow","max-snippet":"max-snippet:-1","max-image-preview":"max-image-preview:large","max-video-preview":"max-video-preview:-1"},"canonical":"https:\/\/ambersfoundations.org\/es\/gofundme\/","og_locale":"es_ES","og_type":"article","og_title":"GoFundMe - Ambers foundation","og_description":"Fundraiser to benefit Amber&#8217;s Foundation Inc. Transport 11 cats to their new home Dear Donors, We are reaching out to you on behalf of Amber&#8217;s Foundation, Inc., a dedicated organization committed to the care and well-being of animals in need. Our mission is to rescue, rehabilitate, and nurture pets, ensuring they receive essential care, including [&hellip;]","og_url":"https:\/\/ambersfoundations.org\/es\/gofundme\/","og_site_name":"Ambers foundation","article_modified_time":"2025-01-07T02:02:52+00:00","og_image":[{"width":1024,"height":1024,"url":"https:\/\/ambersfoundations.org\/wp-content\/uploads\/2024\/03\/DE-VIOLETA-1024x1024.png","type":"image\/png"}],"twitter_card":"summary_large_image","twitter_misc":{"Est. reading time":"2 minutos"},"schema":{"@context":"https:\/\/schema.org","@graph":[{"@type":"WebPage","@id":"https:\/\/ambersfoundations.org\/gofundme\/","url":"https:\/\/ambersfoundations.org\/gofundme\/","name":"GoFundMe - Ambers foundation","isPartOf":{"@id":"https:\/\/ambersfoundations.org\/#website"},"primaryImageOfPage":{"@id":"https:\/\/ambersfoundations.org\/gofundme\/#primaryimage"},"image":{"@id":"https:\/\/ambersfoundations.org\/gofundme\/#primaryimage"},"thumbnailUrl":"https:\/\/ambersfoundations.org\/wp-content\/uploads\/2024\/03\/DE-VIOLETA-768x768.png","datePublished":"2024-03-05T04:22:53+00:00","dateModified":"2025-01-07T02:02:52+00:00","breadcrumb":{"@id":"https:\/\/ambersfoundations.org\/gofundme\/#breadcrumb"},"inLanguage":"es","potentialAction":[{"@type":"ReadAction","target":["https:\/\/ambersfoundations.org\/gofundme\/"]}]},{"@type":"ImageObject","inLanguage":"es","@id":"https:\/\/ambersfoundations.org\/gofundme\/#primaryimage","url":"https:\/\/ambersfoundations.org\/wp-content\/uploads\/2024\/03\/DE-VIOLETA-768x768.png","contentUrl":"https:\/\/ambersfoundations.org\/wp-content\/uploads\/2024\/03\/DE-VIOLETA-768x768.png"},{"@type":"BreadcrumbList","@id":"https:\/\/ambersfoundations.org\/gofundme\/#breadcrumb","itemListElement":[{"@type":"ListItem","position":1,"name":"Home","item":"https:\/\/ambersfoundations.org\/"},{"@type":"ListItem","position":2,"name":"GoFundMe"}]},{"@type":"WebSite","@id":"https:\/\/ambersfoundations.org\/#website","url":"https:\/\/ambersfoundations.org\/","name":"Ambers foundation","description":"","publisher":{"@id":"https:\/\/ambersfoundations.org\/#organization"},"potentialAction":[{"@type":"SearchAction","target":{"@type":"EntryPoint","urlTemplate":"https:\/\/ambersfoundations.org\/?s={search_term_string}"},"query-input":{"@type":"PropertyValueSpecification","valueRequired":true,"valueName":"search_term_string"}}],"inLanguage":"es"},{"@type":"Organization","@id":"https:\/\/ambersfoundations.org\/#organization","name":"Ambers foundation","url":"https:\/\/ambersfoundations.org\/","logo":{"@type":"ImageObject","inLanguage":"es","@id":"https:\/\/ambersfoundations.org\/#\/schema\/logo\/image\/","url":"https:\/\/ambersfoundations.org\/wp-content\/uploads\/2023\/08\/Ambers-fundation-transparente-nuevo.webp","contentUrl":"https:\/\/ambersfoundations.org\/wp-content\/uploads\/2023\/08\/Ambers-fundation-transparente-nuevo.webp","width":2560,"height":931,"caption":"Ambers foundation"},"image":{"@id":"https:\/\/ambersfoundations.org\/#\/schema\/logo\/image\/"}}]}},"_links":{"self":[{"href":"https:\/\/ambersfoundations.org\/es\/wp-json\/wp\/v2\/pages\/268","targetHints":{"allow":["GET"]}}],"collection":[{"href":"https:\/\/ambersfoundations.org\/es\/wp-json\/wp\/v2\/pages"}],"about":[{"href":"https:\/\/ambersfoundations.org\/es\/wp-json\/wp\/v2\/types\/page"}],"author":[{"embeddable":true,"href":"https:\/\/ambersfoundations.org\/es\/wp-json\/wp\/v2\/users\/3"}],"replies":[{"embeddable":true,"href":"https:\/\/ambersfoundations.org\/es\/wp-json\/wp\/v2\/comments?post=268"}],"version-history":[{"count":50,"href":"https:\/\/ambersfoundations.org\/es\/wp-json\/wp\/v2\/pages\/268\/revisions"}],"predecessor-version":[{"id":1160,"href":"https:\/\/ambersfoundations.org\/es\/wp-json\/wp\/v2\/pages\/268\/revisions\/1160"}],"wp:attachment":[{"href":"https:\/\/ambersfoundations.org\/es\/wp-json\/wp\/v2\/media?parent=268"}],"curies":[{"name":"wp","href":"https:\/\/api.w.org\/{rel}","templated":true}]}}